{"id":27,"date":"2022-01-06T15:12:28","date_gmt":"2022-01-06T15:12:28","guid":{"rendered":"https:\/\/lovnatune.si\/darilni-bon\/"},"modified":"2025-09-30T07:45:52","modified_gmt":"2025-09-30T07:45:52","slug":"darilni-bon","status":"publish","type":"page","link":"https:\/\/lovnatune.si\/en\/gift-voucher\/","title":{"rendered":"Gift voucher"},"content":{"rendered":"<p>Looking for <strong>the perfect gift<\/strong> for a birthday, anniversary, corporate gift or simply for an exciting outing with friends?<\/p>\n\n\n\n<p>Surprise someone with an unforgettable fishing trip for the big predators of the Adriatic Sea, on a yacht with all the necessary equipment and an experienced fishing captain.<br>The voucher applies <strong>1 year from purchase<\/strong>, and the recipient can set the date on which they wish to redeem the voucher. As fishing is designed as a group experience, the voucher can be purchased for <strong>two or more people.<\/strong><\/p>\n\n\n\n<p>Voucher price: <strong>700\u20ac for two people <\/strong>(extra charge for each additional person 350\u20ac)<\/p>\n\n\n\n<figure class=\"wp-block-image size-full\"><img decoding=\"async\" width=\"1024\" height=\"682\" src=\"https:\/\/lovnatune.si\/wp-content\/uploads\/222.webp\" alt=\"\" class=\"wp-image-43500\" srcset=\"https:\/\/lovnatune.si\/wp-content\/uploads\/222.webp 1024w, https:\/\/lovnatune.si\/wp-content\/uploads\/222-300x200.webp 300w, https:\/\/lovnatune.si\/wp-content\/uploads\/222-768x512.webp 768w, https:\/\/lovnatune.si\/wp-content\/uploads\/222-18x12.webp 18w\" sizes=\"(max-width: 1024px) 100vw, 1024px\" \/><\/figure>\n\n\n\n<p><\/p>\n\n\n\n<p>To purchase, please fill in <strong>form on this page <\/strong>or call us if you have any further questions.<\/p>\n\n\n\n<p>We can send you a voucher <strong>by post or to your email address<\/strong>.<\/p>\n\n\n\n<p><\/p>","protected":false},"excerpt":{"rendered":"<p>I\u0161\u010dete popolno darilo za rojstni dan, obletnico, poslovno darilo ali preprosto za razburljiv izlet s prijatelji? Presenetite nekoga z nepozabnim ribolovom na velike plenilke Jadranskega morja, na jahti z vso potrebno opremo in izku\u0161enim ribi\u0161kim kapitanom.Bon velja 1 leto od nakupa, prejemnik pa lahko sam dolo\u010di datum, ko bo \u017eelel izkoristiti bon. Ker je ribolov &hellip; <a href=\"https:\/\/lovnatune.si\/en\/gift-voucher\/\">Continued<\/a><\/p>","protected":false},"author":47,"featured_media":18,"parent":0,"menu_order":3,"comment_status":"open","ping_status":"open","template":"template-form-onepager.blade.php","meta":{"_acf_changed":false,"footnotes":""},"class_list":["post-27","page","type-page","status-publish","has-post-thumbnail","hentry"],"acf":{"page_subheading":"Podarite nepozabno darilo za rojstni dan, obletnico ali kak\u0161no drugo posebno prilo\u017enost."},"_links":{"self":[{"href":"https:\/\/lovnatune.si\/en\/wp-json\/wp\/v2\/pages\/27","targetHints":{"allow":["GET"]}}],"collection":[{"href":"https:\/\/lovnatune.si\/en\/wp-json\/wp\/v2\/pages"}],"about":[{"href":"https:\/\/lovnatune.si\/en\/wp-json\/wp\/v2\/types\/page"}],"author":[{"embeddable":true,"href":"https:\/\/lovnatune.si\/en\/wp-json\/wp\/v2\/users\/47"}],"replies":[{"embeddable":true,"href":"https:\/\/lovnatune.si\/en\/wp-json\/wp\/v2\/comments?post=27"}],"version-history":[{"count":22,"href":"https:\/\/lovnatune.si\/en\/wp-json\/wp\/v2\/pages\/27\/revisions"}],"predecessor-version":[{"id":43516,"href":"https:\/\/lovnatune.si\/en\/wp-json\/wp\/v2\/pages\/27\/revisions\/43516"}],"wp:featuredmedia":[{"embeddable":true,"href":"https:\/\/lovnatune.si\/en\/wp-json\/wp\/v2\/media\/18"}],"wp:attachment":[{"href":"https:\/\/lovnatune.si\/en\/wp-json\/wp\/v2\/media?parent=27"}],"curies":[{"name":"wp","href":"https:\/\/api.w.org\/{rel}","templated":true}]}}